{"id":2290,"date":"2023-05-03T07:26:10","date_gmt":"2023-05-03T05:26:10","guid":{"rendered":"https:\/\/helenameister.de\/about\/?page_id=2290"},"modified":"2023-05-10T13:31:00","modified_gmt":"2023-05-10T11:31:00","slug":"kontaktseite","status":"publish","type":"page","link":"https:\/\/helenameister.de\/about\/kontaktseite\/","title":{"rendered":"Kontaktseite"},"content":{"rendered":"\n\n\n[et_pb_section fb_built=&#8220;1&#8243; custom_padding_last_edited=&#8220;on|desktop&#8220; _builder_version=&#8220;4.19.2&#8243; _module_preset=&#8220;default&#8220; background_color=&#8220;#FFFFFF&#8220; custom_padding=&#8220;||70px|||&#8220; custom_padding_tablet=&#8220;0px||20px||false|false&#8220; custom_padding_phone=&#8220;0px||20px||false|false&#8220; global_colors_info=&#8220;{}&#8220;][et_pb_row column_structure=&#8220;1_2,1_2&#8243; use_custom_gutter=&#8220;on&#8220; gutter_width=&#8220;1&#8243; make_equal=&#8220;on&#8220; _builder_version=&#8220;4.20.2&#8243; _module_preset=&#8220;default&#8220; width_tablet=&#8220;&#8220; width_phone=&#8220;90%&#8220; width_last_edited=&#8220;on|phone&#8220; global_colors_info=&#8220;{}&#8220;][et_pb_column type=&#8220;1_2&#8243; _builder_version=&#8220;4.19.2&#8243; _module_preset=&#8220;default&#8220; background_enable_image=&#8220;off&#8220; custom_padding=&#8220;||||true|false&#8220; custom_padding_tablet=&#8220;||||true|false&#8220; custom_padding_phone=&#8220;||||true|false&#8220; custom_padding_last_edited=&#8220;on|phone&#8220; global_colors_info=&#8220;{}&#8220;][et_pb_image src=&#8220;https:\/\/helenameister.de\/wp-content\/uploads\/2023\/04\/DCS01888.jpg&#8220; title_text=&#8220;DCS01888&#8243; _builder_version=&#8220;4.20.2&#8243; _module_preset=&#8220;default&#8220; global_colors_info=&#8220;{}&#8220;][\/et_pb_image][\/et_pb_column][et_pb_column type=&#8220;1_2&#8243; _builder_version=&#8220;4.19.2&#8243; _module_preset=&#8220;default&#8220; custom_padding=&#8220;10%||10%||true|false&#8220; custom_padding_tablet=&#8220;||0%||false|false&#8220; custom_padding_phone=&#8220;||||false|false&#8220; custom_padding_last_edited=&#8220;on|tablet&#8220; global_colors_info=&#8220;{}&#8220;][et_pb_contact_form email=&#8220;info@helenameister.de&#8220; title=&#8220;Schick mir Online Post! :)&#8220; custom_message=&#8220;Name: %%Name%%||et_pb_line_break_holder||Email: %%Email%%||et_pb_line_break_holder||Nachricht: %%Message%%&#8220; success_message=&#8220;Danke f\u00fcr deine Anfrage. Ich freue mich schon, dich kennenzulernen.&#8220; submit_button_text=&#8220;Anfrage senden&#8220; _builder_version=&#8220;4.20.2&#8243; _module_preset=&#8220;default&#8220; _unique_id=&#8220;4bb55d60-7288-4eeb-b121-861f72cd55a6&#8243; form_field_background_color=&#8220;gcid-1bae152c-0faa-4c6c-9373-4b387649c03c&#8220; title_font_size=&#8220;25px&#8220; title_line_height=&#8220;1.4em&#8220; form_field_font=&#8220;Cooper Hewitt Book||||||||&#8220; form_field_font_size=&#8220;14px&#8220; form_field_letter_spacing=&#8220;2px&#8220; background_color=&#8220;gcid-1bae152c-0faa-4c6c-9373-4b387649c03c&#8220; custom_margin=&#8220;|||-5vw|false|false&#8220; custom_margin_tablet=&#8220;-15vw|2vw||2vw|false|true&#8220; custom_margin_phone=&#8220;-15vw|2vw||2vw|false|true&#8220; custom_margin_last_edited=&#8220;on|tablet&#8220; custom_padding=&#8220;10%|15%|10%|15%|true|true&#8220; custom_padding_tablet=&#8220;10%|15%|10%|15%|true|true&#8220; custom_padding_phone=&#8220;10%|5%|10%|5%|true|true&#8220; custom_padding_last_edited=&#8220;on|phone&#8220; animation_style=&#8220;slide&#8220; animation_direction=&#8220;right&#8220; animation_delay=&#8220;500ms&#8220; animation_intensity_slide=&#8220;8%&#8220; animation_starting_opacity=&#8220;30%&#8220; form_field_font_size_tablet=&#8220;14px&#8220; form_field_font_size_phone=&#8220;14px&#8220; form_field_font_size_last_edited=&#8220;on|phone&#8220; border_width_bottom=&#8220;1px&#8220; border_color_bottom=&#8220;gcid-735e6549-7f86-4701-b1f1-f86bde4ce106&#8243; global_colors_info=&#8220;{%22gcid-1bae152c-0faa-4c6c-9373-4b387649c03c%22:%91%22background_color%22,%22form_field_background_color%22%93,%22gcid-735e6549-7f86-4701-b1f1-f86bde4ce106%22:%91%22button_bg_color%22,%22button_bg_color__hover%22,%22button_border_color%22,%22button_border_color__hover%22,%22border_color_bottom%22%93}&#8220; button_bg_color__hover=&#8220;#c1895b&#8220; button_bg_color__hover_enabled=&#8220;on|hover&#8220; button_bg_enable_color__hover=&#8220;on&#8220; button_border_color__hover_enabled=&#8220;on|hover&#8220; button_border_color__hover=&#8220;#c1895b&#8220;][et_pb_contact_field field_id=&#8220;Name&#8220; field_title=&#8220;Dein Name&#8220; fullwidth_field=&#8220;on&#8220; _builder_version=&#8220;4.20.2&#8243; global_colors_info=&#8220;{}&#8220; button_text_size__hover_enabled=&#8220;off&#8220; button_one_text_size__hover_enabled=&#8220;off&#8220; button_two_text_size__hover_enabled=&#8220;off&#8220; button_text_color__hover_enabled=&#8220;off&#8220; button_one_text_color__hover_enabled=&#8220;off&#8220; button_two_text_color__hover_enabled=&#8220;off&#8220; button_border_width__hover_enabled=&#8220;off&#8220; button_one_border_width__hover_enabled=&#8220;off&#8220; button_two_border_width__hover_enabled=&#8220;off&#8220; button_border_color__hover_enabled=&#8220;off&#8220; button_one_border_color__hover_enabled=&#8220;off&#8220; button_two_border_color__hover_enabled=&#8220;off&#8220; button_border_radius__hover_enabled=&#8220;off&#8220; button_one_border_radius__hover_enabled=&#8220;off&#8220; button_two_border_radius__hover_enabled=&#8220;off&#8220; button_letter_spacing__hover_enabled=&#8220;off&#8220; button_one_letter_spacing__hover_enabled=&#8220;off&#8220; button_two_letter_spacing__hover_enabled=&#8220;off&#8220; button_bg_color__hover_enabled=&#8220;off&#8220; button_one_bg_color__hover_enabled=&#8220;off&#8220; button_two_bg_color__hover_enabled=&#8220;off&#8220;][\/et_pb_contact_field][et_pb_contact_field field_id=&#8220;Email&#8220; field_title=&#8220;Deine E-Mail-Adresse&#8220; field_type=&#8220;email&#8220; fullwidth_field=&#8220;on&#8220; _builder_version=&#8220;4.20.2&#8243; custom_padding=&#8220;2%||2%||true|false&#8220; global_colors_info=&#8220;{}&#8220; button_text_size__hover_enabled=&#8220;off&#8220; button_one_text_size__hover_enabled=&#8220;off&#8220; button_two_text_size__hover_enabled=&#8220;off&#8220; button_text_color__hover_enabled=&#8220;off&#8220; button_one_text_color__hover_enabled=&#8220;off&#8220; button_two_text_color__hover_enabled=&#8220;off&#8220; button_border_width__hover_enabled=&#8220;off&#8220; button_one_border_width__hover_enabled=&#8220;off&#8220; button_two_border_width__hover_enabled=&#8220;off&#8220; button_border_color__hover_enabled=&#8220;off&#8220; button_one_border_color__hover_enabled=&#8220;off&#8220; button_two_border_color__hover_enabled=&#8220;off&#8220; button_border_radius__hover_enabled=&#8220;off&#8220; button_one_border_radius__hover_enabled=&#8220;off&#8220; button_two_border_radius__hover_enabled=&#8220;off&#8220; button_letter_spacing__hover_enabled=&#8220;off&#8220; button_one_letter_spacing__hover_enabled=&#8220;off&#8220; button_two_letter_spacing__hover_enabled=&#8220;off&#8220; button_bg_color__hover_enabled=&#8220;off&#8220; button_one_bg_color__hover_enabled=&#8220;off&#8220; button_two_bg_color__hover_enabled=&#8220;off&#8220;][\/et_pb_contact_field][et_pb_contact_field field_id=&#8220;Message&#8220; field_title=&#8220;Wobei kann ich dich unterst\u00fctzen?&#8220; field_type=&#8220;text&#8220; fullwidth_field=&#8220;on&#8220; _builder_version=&#8220;4.20.2&#8243; global_colors_info=&#8220;{}&#8220; button_text_size__hover_enabled=&#8220;off&#8220; button_one_text_size__hover_enabled=&#8220;off&#8220; button_two_text_size__hover_enabled=&#8220;off&#8220; button_text_color__hover_enabled=&#8220;off&#8220; button_one_text_color__hover_enabled=&#8220;off&#8220; button_two_text_color__hover_enabled=&#8220;off&#8220; button_border_width__hover_enabled=&#8220;off&#8220; button_one_border_width__hover_enabled=&#8220;off&#8220; button_two_border_width__hover_enabled=&#8220;off&#8220; button_border_color__hover_enabled=&#8220;off&#8220; button_one_border_color__hover_enabled=&#8220;off&#8220; button_two_border_color__hover_enabled=&#8220;off&#8220; button_border_radius__hover_enabled=&#8220;off&#8220; button_one_border_radius__hover_enabled=&#8220;off&#8220; button_two_border_radius__hover_enabled=&#8220;off&#8220; button_letter_spacing__hover_enabled=&#8220;off&#8220; button_one_letter_spacing__hover_enabled=&#8220;off&#8220; button_two_letter_spacing__hover_enabled=&#8220;off&#8220; button_bg_color__hover_enabled=&#8220;off&#8220; button_one_bg_color__hover_enabled=&#8220;off&#8220; button_two_bg_color__hover_enabled=&#8220;off&#8220;][\/et_pb_contact_field][et_pb_contact_field field_id=&#8220;Field_4&#8243; field_title=&#8220;Bitte beachte, dass du mit dem Versenden der Nachricht zustimmst, die Datenschutzerkl\u00e4rung zur Kenntnis genommen zu haben und damit einverstanden bist, dass die von dir angegebenen Daten elektronisch erhoben und gespeichert werden d\u00fcrfen. Deine Daten werden dabei nur streng zweckgebunden zur Bearbeitung und Beantwortung deiner Anfrage benutzt. Mit dem Absenden des Formulars erkl\u00e4rst du dich mit der Verarbeitung einverstanden.&#8220; field_type=&#8220;text&#8220; required_mark=&#8220;off&#8220; fullwidth_field=&#8220;on&#8220; _builder_version=&#8220;4.20.2&#8243; _module_preset=&#8220;default&#8220; global_colors_info=&#8220;{}&#8220;][\/et_pb_contact_field][\/et_pb_contact_form][\/et_pb_column][\/et_pb_row][et_pb_row _builder_version=&#8220;4.20.2&#8243; _module_preset=&#8220;default&#8220; global_colors_info=&#8220;{}&#8220;][et_pb_column type=&#8220;4_4&#8243; _builder_version=&#8220;4.16&#8243; _module_preset=&#8220;default&#8220; global_colors_info=&#8220;{}&#8220;][et_pb_text _builder_version=&#8220;4.19.2&#8243; _module_preset=&#8220;default&#8220; link_font=&#8220;|600|||||||&#8220; link_text_color=&#8220;gcid-735e6549-7f86-4701-b1f1-f86bde4ce106&#8243; global_colors_info=&#8220;{%22gcid-735e6549-7f86-4701-b1f1-f86bde4ce106%22:%91%22link_text_color%22%93}&#8220;]<p><span>Ich freue mich von dir zu h\u00f6ren! Ich beantworte alle Mails innerhalb meiner Gesch\u00e4ftszeiten Montags-Freitags von 10-16 Uhr.<\/span><\/p>\n<p>Benutze das Kontaktformular oben oder schreibe eine Mail an <a href=\"#\">info@helenameister.de<\/a><\/p>[\/et_pb_text][\/et_pb_column][\/et_pb_row][\/et_pb_section][et_pb_section fb_built=&#8220;1&#8243; _builder_version=&#8220;4.20.2&#8243; _module_preset=&#8220;default&#8220; background_image=&#8220;https:\/\/helenameister.de\/wp-content\/uploads\/2023\/04\/pexels-kara-muse-2346120-scaled.jpg&#8220; parallax=&#8220;on&#8220; custom_padding=&#8220;8%||8%||true|false&#8220; global_colors_info=&#8220;{}&#8220;][et_pb_row _builder_version=&#8220;4.16&#8243; _module_preset=&#8220;default&#8220; custom_padding=&#8220;||0px|||&#8220; global_colors_info=&#8220;{}&#8220;][et_pb_column type=&#8220;4_4&#8243; _builder_version=&#8220;4.16&#8243; _module_preset=&#8220;default&#8220; global_colors_info=&#8220;{}&#8220;][et_pb_signup provider=&#8220;activecampaign&#8220; activecampaign_list=&#8220;3&#8243; name_field=&#8220;on&#8220; title=&#8220;Werde jetzt Teil der Changeletter-Community &#8220; description=&#8220;<p><span style=%22font-family: 'Cooper Hewitt Light'; font-weight: normal;%22>Lange ToDo-Listen, kurzfristige Termine und st\u00e4ndig neue Aufgaben ohne zu wissen, wo du anfangen sollst? Lerne, wie du souver\u00e4n mit deinem Stress umgehst und dadurch wieder Freiraum f\u00fcr dich und deine Kreativit\u00e4t gewinnst. Melde dich jetzt zum Changeletter an!<\/span><\/p>&#8220; _builder_version=&#8220;4.20.2&#8243; _module_preset=&#8220;default&#8220; hover_enabled=&#8220;0&#8243; global_colors_info=&#8220;{}&#8220; success_action=&#8220;redirect&#8220; success_redirect_url=&#8220;https:\/\/helenameister.de\/about\/fast-fertig\/&#8220; sticky_enabled=&#8220;0&#8243;][\/et_pb_signup][\/et_pb_column][\/et_pb_row][\/et_pb_section]\n\n\n","protected":false},"excerpt":{"rendered":"<p>Ich freue mich von dir zu h\u00f6ren! Ich beantworte alle Mails innerhalb meiner Gesch\u00e4ftszeiten Montags-Freitags von 10-16 Uhr. Benutze das Kontaktformular oben oder schreibe eine Mail an info@helenameister.de<\/p>\n","protected":false},"author":1,"featured_media":0,"parent":0,"menu_order":0,"comment_status":"closed","ping_status":"closed","template":"","meta":{"_et_pb_use_builder":"on","_et_pb_old_content":"","_et_gb_content_width":"","_ti_tpc_template_sync":false,"_ti_tpc_template_id":"","footnotes":""},"class_list":["post-2290","page","type-page","status-publish","hentry"],"acf":[],"yoast_head":"<!-- This site is optimized with the Yoast SEO plugin v20.7 - https:\/\/yoast.com\/wordpress\/plugins\/seo\/ -->\n<title>Kontaktseite - helenameister.de<\/title>\n<meta name=\"description\" content=\"ich freu mich von dir zu lesen!\" \/>\n<meta name=\"robots\" content=\"index, follow, max-snippet:-1, max-image-preview:large, max-video-preview:-1\" \/>\n<link rel=\"canonical\" href=\"https:\/\/helenameister.de\/about\/kontaktseite\/\" \/>\n<meta property=\"og:locale\" content=\"de_DE\" \/>\n<meta property=\"og:type\" content=\"article\" \/>\n<meta property=\"og:title\" content=\"Kontaktseite - helenameister.de\" \/>\n<meta property=\"og:description\" content=\"ich freu mich von dir zu lesen!\" \/>\n<meta property=\"og:url\" content=\"https:\/\/helenameister.de\/about\/kontaktseite\/\" \/>\n<meta property=\"og:site_name\" content=\"helenameister.de\" \/>\n<meta property=\"article:modified_time\" content=\"2023-05-10T11:31:00+00:00\" \/>\n<meta name=\"twitter:card\" content=\"summary_large_image\" \/>\n<meta name=\"twitter:label1\" content=\"Gesch\u00e4tzte Lesezeit\" \/>\n\t<meta name=\"twitter:data1\" content=\"3\u00a0Minuten\" \/>\n<script type=\"application\/ld+json\" class=\"yoast-schema-graph\">{\"@context\":\"https:\/\/schema.org\",\"@graph\":[{\"@type\":\"WebPage\",\"@id\":\"https:\/\/helenameister.de\/about\/kontaktseite\/\",\"url\":\"https:\/\/helenameister.de\/about\/kontaktseite\/\",\"name\":\"Kontaktseite - helenameister.de\",\"isPartOf\":{\"@id\":\"https:\/\/helenameister.de\/about\/#website\"},\"datePublished\":\"2023-05-03T05:26:10+00:00\",\"dateModified\":\"2023-05-10T11:31:00+00:00\",\"description\":\"ich freu mich von dir zu lesen!\",\"breadcrumb\":{\"@id\":\"https:\/\/helenameister.de\/about\/kontaktseite\/#breadcrumb\"},\"inLanguage\":\"de\",\"potentialAction\":[{\"@type\":\"ReadAction\",\"target\":[\"https:\/\/helenameister.de\/about\/kontaktseite\/\"]}]},{\"@type\":\"BreadcrumbList\",\"@id\":\"https:\/\/helenameister.de\/about\/kontaktseite\/#breadcrumb\",\"itemListElement\":[{\"@type\":\"ListItem\",\"position\":1,\"name\":\"Startseite\",\"item\":\"https:\/\/helenameister.de\/about\/\"},{\"@type\":\"ListItem\",\"position\":2,\"name\":\"Kontaktseite\"}]},{\"@type\":\"WebSite\",\"@id\":\"https:\/\/helenameister.de\/about\/#website\",\"url\":\"https:\/\/helenameister.de\/about\/\",\"name\":\"helenameister.de\",\"description\":\"Business Coaching\",\"potentialAction\":[{\"@type\":\"SearchAction\",\"target\":{\"@type\":\"EntryPoint\",\"urlTemplate\":\"https:\/\/helenameister.de\/about\/?s={search_term_string}\"},\"query-input\":\"required name=search_term_string\"}],\"inLanguage\":\"de\"}]}<\/script>\n<!-- \/ Yoast SEO plugin. -->","yoast_head_json":{"title":"Kontaktseite - helenameister.de","description":"ich freu mich von dir zu lesen!","robots":{"index":"index","follow":"follow","max-snippet":"max-snippet:-1","max-image-preview":"max-image-preview:large","max-video-preview":"max-video-preview:-1"},"canonical":"https:\/\/helenameister.de\/about\/kontaktseite\/","og_locale":"de_DE","og_type":"article","og_title":"Kontaktseite - helenameister.de","og_description":"ich freu mich von dir zu lesen!","og_url":"https:\/\/helenameister.de\/about\/kontaktseite\/","og_site_name":"helenameister.de","article_modified_time":"2023-05-10T11:31:00+00:00","twitter_card":"summary_large_image","twitter_misc":{"Gesch\u00e4tzte Lesezeit":"3\u00a0Minuten"},"schema":{"@context":"https:\/\/schema.org","@graph":[{"@type":"WebPage","@id":"https:\/\/helenameister.de\/about\/kontaktseite\/","url":"https:\/\/helenameister.de\/about\/kontaktseite\/","name":"Kontaktseite - helenameister.de","isPartOf":{"@id":"https:\/\/helenameister.de\/about\/#website"},"datePublished":"2023-05-03T05:26:10+00:00","dateModified":"2023-05-10T11:31:00+00:00","description":"ich freu mich von dir zu lesen!","breadcrumb":{"@id":"https:\/\/helenameister.de\/about\/kontaktseite\/#breadcrumb"},"inLanguage":"de","potentialAction":[{"@type":"ReadAction","target":["https:\/\/helenameister.de\/about\/kontaktseite\/"]}]},{"@type":"BreadcrumbList","@id":"https:\/\/helenameister.de\/about\/kontaktseite\/#breadcrumb","itemListElement":[{"@type":"ListItem","position":1,"name":"Startseite","item":"https:\/\/helenameister.de\/about\/"},{"@type":"ListItem","position":2,"name":"Kontaktseite"}]},{"@type":"WebSite","@id":"https:\/\/helenameister.de\/about\/#website","url":"https:\/\/helenameister.de\/about\/","name":"helenameister.de","description":"Business Coaching","potentialAction":[{"@type":"SearchAction","target":{"@type":"EntryPoint","urlTemplate":"https:\/\/helenameister.de\/about\/?s={search_term_string}"},"query-input":"required name=search_term_string"}],"inLanguage":"de"}]}},"_links":{"self":[{"href":"https:\/\/helenameister.de\/about\/wp-json\/wp\/v2\/pages\/2290","targetHints":{"allow":["GET"]}}],"collection":[{"href":"https:\/\/helenameister.de\/about\/wp-json\/wp\/v2\/pages"}],"about":[{"href":"https:\/\/helenameister.de\/about\/wp-json\/wp\/v2\/types\/page"}],"author":[{"embeddable":true,"href":"https:\/\/helenameister.de\/about\/wp-json\/wp\/v2\/users\/1"}],"replies":[{"embeddable":true,"href":"https:\/\/helenameister.de\/about\/wp-json\/wp\/v2\/comments?post=2290"}],"version-history":[{"count":10,"href":"https:\/\/helenameister.de\/about\/wp-json\/wp\/v2\/pages\/2290\/revisions"}],"predecessor-version":[{"id":2366,"href":"https:\/\/helenameister.de\/about\/wp-json\/wp\/v2\/pages\/2290\/revisions\/2366"}],"wp:attachment":[{"href":"https:\/\/helenameister.de\/about\/wp-json\/wp\/v2\/media?parent=2290"}],"curies":[{"name":"wp","href":"https:\/\/api.w.org\/{rel}","templated":true}]}}